{"id":1453,"date":"2021-08-05T17:35:14","date_gmt":"2021-08-05T15:35:14","guid":{"rendered":"http:\/\/wp2021.jann.ch\/heidi-jann-yoga-therapy\/"},"modified":"2021-08-16T15:21:26","modified_gmt":"2021-08-16T13:21:26","slug":"heidi-jann-yoga-therapy","status":"publish","type":"page","link":"https:\/\/www.jann.ch\/en\/","title":{"rendered":"Heidi Jann \u2013 Yoga Therapy"},"content":{"rendered":"\t\t<div data-elementor-type=\"wp-page\" data-elementor-id=\"1453\" class=\"elementor elementor-1453 elementor-2\" data-elementor-post-type=\"page\">\n\t\t\t\t\t\t<section class=\"elementor-section elementor-top-section elementor-element elementor-element-9792652 elementor-section-boxed elementor-section-height-default elementor-section-height-default\" data-id=\"9792652\" data-element_type=\"section\" data-e-type=\"section\">\n\t\t\t\t\t\t<div class=\"elementor-container elementor-column-gap-default\">\n\t\t\t\t\t<div class=\"elementor-column elementor-col-100 elementor-top-column elementor-element elementor-element-e091d44\" data-id=\"e091d44\" data-element_type=\"column\" data-e-type=\"column\">\n\t\t\t<div class=\"elementor-widget-wrap elementor-element-populated\">\n\t\t\t\t\t\t<div class=\"elementor-element elementor-element-0305149 elementor-grid-2 elementor-grid-tablet-2 elementor-grid-mobile-1 elementor-posts--thumbnail-top elementor-widget elementor-widget-posts\" data-id=\"0305149\" data-element_type=\"widget\" data-e-type=\"widget\" data-settings=\"{&quot;classic_columns&quot;:&quot;2&quot;,&quot;classic_columns_tablet&quot;:&quot;2&quot;,&quot;classic_columns_mobile&quot;:&quot;1&quot;,&quot;classic_row_gap&quot;:{&quot;unit&quot;:&quot;px&quot;,&quot;size&quot;:35,&quot;sizes&quot;:[]},&quot;classic_row_gap_tablet&quot;:{&quot;unit&quot;:&quot;px&quot;,&quot;size&quot;:&quot;&quot;,&quot;sizes&quot;:[]},&quot;classic_row_gap_mobile&quot;:{&quot;unit&quot;:&quot;px&quot;,&quot;size&quot;:&quot;&quot;,&quot;sizes&quot;:[]}}\" data-widget_type=\"posts.classic\">\n\t\t\t\t<div class=\"elementor-widget-container\">\n\t\t\t\t\t\t\t<div class=\"elementor-posts-container elementor-posts elementor-posts--skin-classic elementor-grid\" role=\"list\">\n\t\t\t\t<article class=\"elementor-post elementor-grid-item post-1436 page type-page status-publish has-post-thumbnail hentry seitenkategorie-home\" role=\"listitem\">\n\t\t\t\t<a class=\"elementor-post__thumbnail__link\" href=\"https:\/\/www.jann.ch\/en\/therapeutic-yoga\/\" tabindex=\"-1\" >\n\t\t\t<div class=\"elementor-post__thumbnail\"><img fetchpriority=\"high\" decoding=\"async\" width=\"768\" height=\"432\" src=\"https:\/\/www.jann.ch\/wp-content\/uploads\/2021\/08\/img-header-jann-11n-768x432.jpg\" class=\"attachment-medium_large size-medium_large wp-image-1483\" alt=\"\" srcset=\"https:\/\/www.jann.ch\/wp-content\/uploads\/2021\/08\/img-header-jann-11n-768x432.jpg 768w, https:\/\/www.jann.ch\/wp-content\/uploads\/2021\/08\/img-header-jann-11n-300x169.jpg 300w, https:\/\/www.jann.ch\/wp-content\/uploads\/2021\/08\/img-header-jann-11n-1024x576.jpg 1024w, https:\/\/www.jann.ch\/wp-content\/uploads\/2021\/08\/img-header-jann-11n-1536x864.jpg 1536w, https:\/\/www.jann.ch\/wp-content\/uploads\/2021\/08\/img-header-jann-11n-2048x1152.jpg 2048w\" sizes=\"(max-width: 768px) 100vw, 768px\" \/><\/div>\n\t\t<\/a>\n\t\t\t\t<div class=\"elementor-post__text\">\n\t\t\t\t<h2 class=\"elementor-post__title\">\n\t\t\t<a href=\"https:\/\/www.jann.ch\/en\/therapeutic-yoga\/\" >\n\t\t\t\tTherapeutic yoga\t\t\t<\/a>\n\t\t<\/h2>\n\t\t\t\t<div class=\"elementor-post__excerpt\">\n\t\t\t<p>Yoga therapy is the professional application of the principles and practices of yoga to promote health and well-being and to prevent and treat diseases of the body and mind.<\/p>\n\t\t<\/div>\n\t\t\n\t\t<a class=\"elementor-post__read-more\" href=\"https:\/\/www.jann.ch\/en\/therapeutic-yoga\/\" aria-label=\"Read more about Therapeutic yoga\" tabindex=\"-1\" >\n\t\t\tRead more \u00bb\t\t<\/a>\n\n\t\t\t\t<\/div>\n\t\t\t\t<\/article>\n\t\t\t\t<article class=\"elementor-post elementor-grid-item post-1445 page type-page status-publish has-post-thumbnail hentry seitenkategorie-home\" role=\"listitem\">\n\t\t\t\t<a class=\"elementor-post__thumbnail__link\" href=\"https:\/\/www.jann.ch\/en\/what-i-offer\/\" tabindex=\"-1\" >\n\t\t\t<div class=\"elementor-post__thumbnail\"><img decoding=\"async\" width=\"768\" height=\"432\" src=\"https:\/\/www.jann.ch\/wp-content\/uploads\/2021\/08\/img-header-jann-14n-768x432.jpg\" class=\"attachment-medium_large size-medium_large wp-image-1489\" alt=\"\" srcset=\"https:\/\/www.jann.ch\/wp-content\/uploads\/2021\/08\/img-header-jann-14n-768x432.jpg 768w, https:\/\/www.jann.ch\/wp-content\/uploads\/2021\/08\/img-header-jann-14n-300x169.jpg 300w, https:\/\/www.jann.ch\/wp-content\/uploads\/2021\/08\/img-header-jann-14n-1024x576.jpg 1024w, https:\/\/www.jann.ch\/wp-content\/uploads\/2021\/08\/img-header-jann-14n-1536x864.jpg 1536w, https:\/\/www.jann.ch\/wp-content\/uploads\/2021\/08\/img-header-jann-14n-2048x1152.jpg 2048w\" sizes=\"(max-width: 768px) 100vw, 768px\" \/><\/div>\n\t\t<\/a>\n\t\t\t\t<div class=\"elementor-post__text\">\n\t\t\t\t<h2 class=\"elementor-post__title\">\n\t\t\t<a href=\"https:\/\/www.jann.ch\/en\/what-i-offer\/\" >\n\t\t\t\tWhat I offer\t\t\t<\/a>\n\t\t<\/h2>\n\t\t\t\t<div class=\"elementor-post__excerpt\">\n\t\t\t<p>In my yoga therapeutic practice at the ayurHealth group practice in the Kramgasse in Bern, I offer therapeutic yoga in German and English.<\/p>\n\t\t<\/div>\n\t\t\n\t\t<a class=\"elementor-post__read-more\" href=\"https:\/\/www.jann.ch\/en\/what-i-offer\/\" aria-label=\"Read more about What I offer\" tabindex=\"-1\" >\n\t\t\tRead more \u00bb\t\t<\/a>\n\n\t\t\t\t<\/div>\n\t\t\t\t<\/article>\n\t\t\t\t<article class=\"elementor-post elementor-grid-item post-1437 page type-page status-publish has-post-thumbnail hentry seitenkategorie-home\" role=\"listitem\">\n\t\t\t\t<a class=\"elementor-post__thumbnail__link\" href=\"https:\/\/www.jann.ch\/en\/about-myself\/\" tabindex=\"-1\" >\n\t\t\t<div class=\"elementor-post__thumbnail\"><img decoding=\"async\" width=\"768\" height=\"432\" src=\"https:\/\/www.jann.ch\/wp-content\/uploads\/2021\/08\/img-header-jann-13n-768x432.jpg\" class=\"attachment-medium_large size-medium_large wp-image-1487\" alt=\"\" srcset=\"https:\/\/www.jann.ch\/wp-content\/uploads\/2021\/08\/img-header-jann-13n-768x432.jpg 768w, https:\/\/www.jann.ch\/wp-content\/uploads\/2021\/08\/img-header-jann-13n-300x169.jpg 300w, https:\/\/www.jann.ch\/wp-content\/uploads\/2021\/08\/img-header-jann-13n-1024x576.jpg 1024w, https:\/\/www.jann.ch\/wp-content\/uploads\/2021\/08\/img-header-jann-13n-1536x864.jpg 1536w, https:\/\/www.jann.ch\/wp-content\/uploads\/2021\/08\/img-header-jann-13n-2048x1152.jpg 2048w\" sizes=\"(max-width: 768px) 100vw, 768px\" \/><\/div>\n\t\t<\/a>\n\t\t\t\t<div class=\"elementor-post__text\">\n\t\t\t\t<h2 class=\"elementor-post__title\">\n\t\t\t<a href=\"https:\/\/www.jann.ch\/en\/about-myself\/\" >\n\t\t\t\tAbout myself\t\t\t<\/a>\n\t\t<\/h2>\n\t\t\t\t<div class=\"elementor-post__excerpt\">\n\t\t\t<p>I am a certified teacher and member of Iyengar Yoga Switzerland and Iyengar Yoga UK and a member of the International Association of Yoga Therapists (IAYT).<\/p>\n\t\t<\/div>\n\t\t\n\t\t<a class=\"elementor-post__read-more\" href=\"https:\/\/www.jann.ch\/en\/about-myself\/\" aria-label=\"Read more about About myself\" tabindex=\"-1\" >\n\t\t\tRead more \u00bb\t\t<\/a>\n\n\t\t\t\t<\/div>\n\t\t\t\t<\/article>\n\t\t\t\t<article class=\"elementor-post elementor-grid-item post-1440 page type-page status-publish has-post-thumbnail hentry seitenkategorie-home\" role=\"listitem\">\n\t\t\t\t<a class=\"elementor-post__thumbnail__link\" href=\"https:\/\/www.jann.ch\/en\/online-booking\/\" tabindex=\"-1\" >\n\t\t\t<div class=\"elementor-post__thumbnail\"><img loading=\"lazy\" decoding=\"async\" width=\"768\" height=\"432\" src=\"https:\/\/www.jann.ch\/wp-content\/uploads\/2021\/08\/img-header-jann-09n-768x432.jpg\" class=\"attachment-medium_large size-medium_large wp-image-1479\" alt=\"\" srcset=\"https:\/\/www.jann.ch\/wp-content\/uploads\/2021\/08\/img-header-jann-09n-768x432.jpg 768w, https:\/\/www.jann.ch\/wp-content\/uploads\/2021\/08\/img-header-jann-09n-300x169.jpg 300w, https:\/\/www.jann.ch\/wp-content\/uploads\/2021\/08\/img-header-jann-09n-1024x576.jpg 1024w, https:\/\/www.jann.ch\/wp-content\/uploads\/2021\/08\/img-header-jann-09n-1536x864.jpg 1536w, https:\/\/www.jann.ch\/wp-content\/uploads\/2021\/08\/img-header-jann-09n-2048x1152.jpg 2048w\" sizes=\"(max-width: 768px) 100vw, 768px\" \/><\/div>\n\t\t<\/a>\n\t\t\t\t<div class=\"elementor-post__text\">\n\t\t\t\t<h2 class=\"elementor-post__title\">\n\t\t\t<a href=\"https:\/\/www.jann.ch\/en\/online-booking\/\" >\n\t\t\t\tOnline booking\t\t\t<\/a>\n\t\t<\/h2>\n\t\t\t\t<div class=\"elementor-post__excerpt\">\n\t\t\t<p>Make your appointment now for an initial personal conversation, a yoga therapy consultation or a private Iyengar yoga class.<\/p>\n\t\t<\/div>\n\t\t\n\t\t<a class=\"elementor-post__read-more\" href=\"https:\/\/www.jann.ch\/en\/online-booking\/\" aria-label=\"Read more about Online booking\" tabindex=\"-1\" >\n\t\t\tRead more \u00bb\t\t<\/a>\n\n\t\t\t\t<\/div>\n\t\t\t\t<\/article>\n\t\t\t\t<\/div>\n\t\t\n\t\t\t\t\t\t<\/div>\n\t\t\t\t<\/div>\n\t\t\t\t\t<\/div>\n\t\t<\/div>\n\t\t\t\t\t<\/div>\n\t\t<\/section>\n\t\t\t\t<section data-dce-background-color=\"#332f2f\" class=\"elementor-section elementor-top-section elementor-element elementor-element-a5e1d48 elementor-section-full_width elementor-section-stretched elementor-section-height-default elementor-section-height-default\" data-id=\"a5e1d48\" data-element_type=\"section\" data-e-type=\"section\" data-settings=\"{&quot;stretch_section&quot;:&quot;section-stretched&quot;,&quot;background_background&quot;:&quot;classic&quot;}\">\n\t\t\t\t\t\t<div class=\"elementor-container elementor-column-gap-default\">\n\t\t\t\t\t<div class=\"elementor-column elementor-col-100 elementor-top-column elementor-element elementor-element-5b88ccd\" data-id=\"5b88ccd\" data-element_type=\"column\" data-e-type=\"column\">\n\t\t\t<div class=\"elementor-widget-wrap elementor-element-populated\">\n\t\t\t\t\t\t<div class=\"elementor-element elementor-element-5a9be2a elementor-grid-1 elementor-posts--thumbnail-top elementor-grid-tablet-2 elementor-grid-mobile-1 elementor-widget elementor-widget-posts\" data-id=\"5a9be2a\" data-element_type=\"widget\" data-e-type=\"widget\" data-settings=\"{&quot;custom_post_slider&quot;:&quot;yes&quot;,&quot;custom_slides_to_show&quot;:&quot;1&quot;,&quot;custom_navigation&quot;:&quot;arrows&quot;,&quot;custom_columns&quot;:&quot;1&quot;,&quot;custom_columns_tablet&quot;:&quot;2&quot;,&quot;custom_columns_mobile&quot;:&quot;1&quot;,&quot;custom_row_gap&quot;:{&quot;unit&quot;:&quot;px&quot;,&quot;size&quot;:35,&quot;sizes&quot;:[]},&quot;custom_row_gap_tablet&quot;:{&quot;unit&quot;:&quot;px&quot;,&quot;size&quot;:&quot;&quot;,&quot;sizes&quot;:[]},&quot;custom_row_gap_mobile&quot;:{&quot;unit&quot;:&quot;px&quot;,&quot;size&quot;:&quot;&quot;,&quot;sizes&quot;:[]},&quot;custom_slide_gap&quot;:{&quot;unit&quot;:&quot;px&quot;,&quot;size&quot;:15,&quot;sizes&quot;:[]},&quot;custom_pause_on_hover&quot;:&quot;yes&quot;,&quot;custom_autoplay&quot;:&quot;yes&quot;,&quot;custom_autoplay_speed&quot;:5000,&quot;custom_infinite&quot;:&quot;yes&quot;,&quot;custom_speed&quot;:500,&quot;custom_direction&quot;:&quot;ltr&quot;}\" data-widget_type=\"posts.custom\">\n\t\t\t\t<div class=\"elementor-widget-container\">\n\t\t\t\t\t<div class=\"elementor-main-swiper swiper-container swiper\">      <div class=\"ecs-posts elementor-posts-container elementor-posts swiper-wrapper   elementor-posts--skin-custom\" data-settings=\"{&quot;current_page&quot;:1,&quot;max_num_pages&quot;:1,&quot;load_method&quot;:&quot;&quot;,&quot;widget_id&quot;:&quot;5a9be2a&quot;,&quot;post_id&quot;:1440,&quot;theme_id&quot;:1453,&quot;change_url&quot;:false,&quot;reinit_js&quot;:false}\">\n      \t\t<article id=\"post-1644\" class=\"elementor-post elementor-grid-item ecs-post-loop swiper-slide post-1644 testimonials type-testimonials status-publish hentry\">\n\t\t\t\t<div data-elementor-type=\"loop\" data-elementor-id=\"1362\" class=\"elementor elementor-1362 post-1644 testimonials type-testimonials status-publish hentry\" data-elementor-post-type=\"elementor_library\">\n\t\t\t\t\t<section class=\"elementor-section elementor-top-section elementor-element elementor-element-c801e8d elementor-section-boxed elementor-section-height-default elementor-section-height-default\" data-id=\"c801e8d\" data-element_type=\"section\" data-e-type=\"section\">\n\t\t\t\t\t\t<div class=\"elementor-container elementor-column-gap-default\">\n\t\t\t\t\t<div class=\"elementor-column elementor-col-100 elementor-top-column elementor-element elementor-element-f761343\" data-id=\"f761343\" data-element_type=\"column\" data-e-type=\"column\">\n\t\t\t<div class=\"elementor-widget-wrap elementor-element-populated\">\n\t\t\t\t<style>#post-1644 .elementor-1362 .elementor-element.elementor-element-68fe600 .elementor-heading-title{color: #E9EEF9;}<\/style>\t\t<div data-dce-title-color=\"#E9EEF9\" class=\"elementor-element elementor-element-68fe600 elementor-widget elementor-widget-heading\" data-id=\"68fe600\" data-element_type=\"widget\" data-e-type=\"widget\" data-widget_type=\"heading.default\">\n\t\t\t\t<div class=\"elementor-widget-container\">\n\t\t\t\t\t<div class=\"elementor-heading-title elementor-size-default\">\u00abIch war bei verschiedenen Yoga-Lehrern. Heidi war die Erste, die nach eine Anamnese und Bewegungsuntersuchung machte, bevor sie mir Yoga-\u00dcbungen zeigte. Sie hat f\u00fcr mich ein Programm zusammengestellt, das sehr fein auf meine Bed\u00fcrfnisse und Beschwerden - ohne meine k\u00f6rperlichen Grenzen zu \u00fcberschreiten - abgestimmt ist. F\u00fcr Heidi ist \u00abindividuelle Abstimmung\u00bb ein zentrales Anliegen. Sie arbeitet sehr kompetent und professionell!\r\nVielen herzlichen Dank, liebe Heidi, Du hast mir sehr geholfen \u2013 jetzt kann ich mich wieder beschwerdefrei bewegen!\u00bb<\/div>\t\t\t\t<\/div>\n\t\t\t\t<\/div>\n\t\t<style>#post-1644 .elementor-1362 .elementor-element.elementor-element-69f4a61 .elementor-heading-title{color: #E9EEF9;}<\/style>\t\t<div data-dce-title-color=\"#E9EEF9\" class=\"elementor-element elementor-element-69f4a61 elementor-widget elementor-widget-heading\" data-id=\"69f4a61\" data-element_type=\"widget\" data-e-type=\"widget\" data-widget_type=\"heading.default\">\n\t\t\t\t<div class=\"elementor-widget-container\">\n\t\t\t\t\t<div class=\"elementor-heading-title elementor-size-default\">B. K.<\/div>\t\t\t\t<\/div>\n\t\t\t\t<\/div>\n\t\t\t\t\t<\/div>\n\t\t<\/div>\n\t\t\t\t\t<\/div>\n\t\t<\/section>\n\t\t\t\t<\/div>\n\t\t\t\t<\/article>\n\t\t\t\t<article id=\"post-1341\" class=\"elementor-post elementor-grid-item ecs-post-loop swiper-slide post-1341 testimonials type-testimonials status-publish hentry\">\n\t\t\t\t<div data-elementor-type=\"loop\" data-elementor-id=\"1362\" class=\"elementor elementor-1362 post-1341 testimonials type-testimonials status-publish hentry\" data-elementor-post-type=\"elementor_library\">\n\t\t\t\t\t<section class=\"elementor-section elementor-top-section elementor-element elementor-element-c801e8d elementor-section-boxed elementor-section-height-default elementor-section-height-default\" data-id=\"c801e8d\" data-element_type=\"section\" data-e-type=\"section\">\n\t\t\t\t\t\t<div class=\"elementor-container elementor-column-gap-default\">\n\t\t\t\t\t<div class=\"elementor-column elementor-col-100 elementor-top-column elementor-element elementor-element-f761343\" data-id=\"f761343\" data-element_type=\"column\" data-e-type=\"column\">\n\t\t\t<div class=\"elementor-widget-wrap elementor-element-populated\">\n\t\t\t\t<style>#post-1341 .elementor-1362 .elementor-element.elementor-element-68fe600 .elementor-heading-title{color: #E9EEF9;}<\/style>\t\t<div data-dce-title-color=\"#E9EEF9\" class=\"elementor-element elementor-element-68fe600 elementor-widget elementor-widget-heading\" data-id=\"68fe600\" data-element_type=\"widget\" data-e-type=\"widget\" data-widget_type=\"heading.default\">\n\t\t\t\t<div class=\"elementor-widget-container\">\n\t\t\t\t\t<div class=\"elementor-heading-title elementor-size-default\">\u00abHeidi hat sich schon bei unserem ersten Treffen viel Zeit f\u00fcr mich genommen. Sie hat meine Anliegen und Beschwerden schnell sehr gut verstanden, und wir haben gemeinsam sinnvolle und erreichbare Ziele definiert. Die Therapiesitzungen bei ihr in der Praxis tun mir immer sehr gut, und ihre ruhigen, pr\u00e4zisen und angenehmen Anleitungen und Hinweise helfen mir auch f\u00fcrs \u00dcben zu Hause.\u00bb<\/div>\t\t\t\t<\/div>\n\t\t\t\t<\/div>\n\t\t<style>#post-1341 .elementor-1362 .elementor-element.elementor-element-69f4a61 .elementor-heading-title{color: #E9EEF9;}<\/style>\t\t<div data-dce-title-color=\"#E9EEF9\" class=\"elementor-element elementor-element-69f4a61 elementor-widget elementor-widget-heading\" data-id=\"69f4a61\" data-element_type=\"widget\" data-e-type=\"widget\" data-widget_type=\"heading.default\">\n\t\t\t\t<div class=\"elementor-widget-container\">\n\t\t\t\t\t<div class=\"elementor-heading-title elementor-size-default\">P. A.<\/div>\t\t\t\t<\/div>\n\t\t\t\t<\/div>\n\t\t\t\t\t<\/div>\n\t\t<\/div>\n\t\t\t\t\t<\/div>\n\t\t<\/section>\n\t\t\t\t<\/div>\n\t\t\t\t<\/article>\n\t\t\t\t<\/div>\n\t\t\t\t\t\t\t\t\t\t\t\t\t\t\t<div class=\"elementor-swiper-button elementor-swiper-button-prev\">\n\t\t\t\t\t\t<i class=\"eicon-chevron-left\" aria-hidden=\"true\"><\/i>\n\t\t\t\t\t\t<span class=\"elementor-screen-only\">Previous<\/span>\n\t\t\t\t\t<\/div>\n\t\t\t\t\t<div class=\"elementor-swiper-button elementor-swiper-button-next\">\n\t\t\t\t\t\t<i class=\"eicon-chevron-right\" aria-hidden=\"true\"><\/i>\n\t\t\t\t\t\t<span class=\"elementor-screen-only\">Next<\/span>\n\t\t\t\t\t<\/div>\n\t\t\t\t\t\t\t<\/div>\t\t\t\t<\/div>\n\t\t\t\t<\/div>\n\t\t\t\t\t<\/div>\n\t\t<\/div>\n\t\t\t\t\t<\/div>\n\t\t<\/section>\n\t\t\t\t<\/div>\n\t\t","protected":false},"excerpt":{"rendered":"","protected":false},"author":1,"featured_media":1485,"parent":0,"menu_order":0,"comment_status":"closed","ping_status":"closed","template":"","meta":{"_acf_changed":false,"footnotes":""},"seitenkategorie":[],"class_list":["post-1453","page","type-page","status-publish","has-post-thumbnail","hentry"],"acf":[],"_links":{"self":[{"href":"https:\/\/www.jann.ch\/en\/wp-json\/wp\/v2\/pages\/1453","targetHints":{"allow":["GET"]}}],"collection":[{"href":"https:\/\/www.jann.ch\/en\/wp-json\/wp\/v2\/pages"}],"about":[{"href":"https:\/\/www.jann.ch\/en\/wp-json\/wp\/v2\/types\/page"}],"author":[{"embeddable":true,"href":"https:\/\/www.jann.ch\/en\/wp-json\/wp\/v2\/users\/1"}],"replies":[{"embeddable":true,"href":"https:\/\/www.jann.ch\/en\/wp-json\/wp\/v2\/comments?post=1453"}],"version-history":[{"count":1,"href":"https:\/\/www.jann.ch\/en\/wp-json\/wp\/v2\/pages\/1453\/revisions"}],"predecessor-version":[{"id":1454,"href":"https:\/\/www.jann.ch\/en\/wp-json\/wp\/v2\/pages\/1453\/revisions\/1454"}],"wp:featuredmedia":[{"embeddable":true,"href":"https:\/\/www.jann.ch\/en\/wp-json\/wp\/v2\/media\/1485"}],"wp:attachment":[{"href":"https:\/\/www.jann.ch\/en\/wp-json\/wp\/v2\/media?parent=1453"}],"wp:term":[{"taxonomy":"seitenkategorie","embeddable":true,"href":"https:\/\/www.jann.ch\/en\/wp-json\/wp\/v2\/seitenkategorie?post=1453"}],"curies":[{"name":"wp","href":"https:\/\/api.w.org\/{rel}","templated":true}]}}